{"id":51,"date":"2026-02-27T01:37:41","date_gmt":"2026-02-27T01:37:41","guid":{"rendered":"https:\/\/serviciosydecoracionesfonseca.com\/?page_id=51"},"modified":"2026-02-27T01:43:32","modified_gmt":"2026-02-27T01:43:32","slug":"quienes-somos","status":"publish","type":"page","link":"https:\/\/serviciosydecoracionesfonseca.com\/index.php\/quienes-somos\/","title":{"rendered":"Quienes Somos"},"content":{"rendered":"\t\t<div data-elementor-type=\"wp-page\" data-elementor-id=\"51\" class=\"elementor elementor-51\">\n\t\t\t\t<div class=\"elementor-element elementor-element-e867eb2 e-flex e-con-boxed e-con e-parent\" data-id=\"e867eb2\" data-element_type=\"container\" data-e-type=\"container\">\n\t\t\t\t\t<div class=\"e-con-inner\">\n\t\t<div class=\"elementor-element elementor-element-3b0fa89 e-con-full e-flex e-con e-child\" data-id=\"3b0fa89\" data-element_type=\"container\" data-e-type=\"container\">\n\t\t\t\t<\/div>\n\t\t<div class=\"elementor-element elementor-element-888386a e-con-full e-flex e-con e-child\" data-id=\"888386a\" data-element_type=\"container\" data-e-type=\"container\">\n\t\t\t\t<\/div>\n\t\t\t\t\t<\/div>\n\t\t\t\t<\/div>\n\t\t<div class=\"elementor-element elementor-element-343fbc1 e-flex e-con-boxed e-con e-parent\" data-id=\"343fbc1\" data-element_type=\"container\" data-e-type=\"container\">\n\t\t\t\t\t<div class=\"e-con-inner\">\n\t\t<div class=\"elementor-element elementor-element-bd76b81 e-con-full e-flex e-con e-child\" data-id=\"bd76b81\" data-element_type=\"container\" data-e-type=\"container\">\n\t\t\t\t<div class=\"elementor-element elementor-element-eef1623 elementor-widget elementor-widget-image\" data-id=\"eef1623\" data-element_type=\"widget\" data-e-type=\"widget\" data-widget_type=\"image.default\">\n\t\t\t\t\t\t\t\t\t\t\t\t\t\t\t<img fetchpriority=\"high\" decoding=\"async\" width=\"418\" height=\"626\" src=\"https:\/\/serviciosydecoracionesfonseca.com\/wp-content\/uploads\/2026\/02\/carpinteria.avif\" class=\"attachment-large size-large wp-image-53\" alt=\"\" srcset=\"https:\/\/serviciosydecoracionesfonseca.com\/wp-content\/uploads\/2026\/02\/carpinteria.avif 418w, https:\/\/serviciosydecoracionesfonseca.com\/wp-content\/uploads\/2026\/02\/carpinteria-200x300.avif 200w\" sizes=\"(max-width: 418px) 100vw, 418px\" \/>\t\t\t\t\t\t\t\t\t\t\t\t\t\t\t<\/div>\n\t\t\t\t<\/div>\n\t\t<div class=\"elementor-element elementor-element-68a4023 e-con-full e-flex e-con e-child\" data-id=\"68a4023\" data-element_type=\"container\" data-e-type=\"container\">\n\t\t\t\t<div class=\"elementor-element elementor-element-2284b10 elementor-widget elementor-widget-heading\" data-id=\"2284b10\" data-element_type=\"widget\" data-e-type=\"widget\" data-widget_type=\"heading.default\">\n\t\t\t\t\t<h2 class=\"elementor-heading-title elementor-size-default\">quienes somos<\/h2>\t\t\t\t<\/div>\n\t\t\t\t<div class=\"elementor-element elementor-element-bf7133c elementor-widget elementor-widget-text-editor\" data-id=\"bf7133c\" data-element_type=\"widget\" data-e-type=\"widget\" data-widget_type=\"text-editor.default\">\n\t\t\t\t\t\t\t\t\t<p data-start=\"182\" data-end=\"443\">Somos una empresa de carpinter\u00eda especializada en el dise\u00f1o, fabricaci\u00f3n e instalaci\u00f3n de muebles en madera a medida. Nos apasiona transformar espacios con soluciones funcionales, modernas y de alta calidad, adaptadas a las necesidades y gustos de cada cliente.<\/p><p data-start=\"445\" data-end=\"716\">Trabajamos con dedicaci\u00f3n en cada detalle, creando cocinas integrales, closets y todo tipo de mobiliario en madera que combina est\u00e9tica, durabilidad y practicidad. Nuestro compromiso es convertir tus ideas en espacios \u00fanicos que reflejen tu estilo y mejoren tu d\u00eda a d\u00eda.<\/p>\t\t\t\t\t\t\t\t<\/div>\n\t\t\t\t<\/div>\n\t\t\t\t\t<\/div>\n\t\t\t\t<\/div>\n\t\t<div class=\"elementor-element elementor-element-0349b1f e-flex e-con-boxed e-con e-parent\" data-id=\"0349b1f\" data-element_type=\"container\" data-e-type=\"container\">\n\t\t\t\t\t<div class=\"e-con-inner\">\n\t\t<div class=\"elementor-element elementor-element-e43312c e-con-full e-flex e-con e-child\" data-id=\"e43312c\" data-element_type=\"container\" data-e-type=\"container\">\n\t\t\t\t<div class=\"elementor-element elementor-element-145fbf6 elementor-widget elementor-widget-heading\" data-id=\"145fbf6\" data-element_type=\"widget\" data-e-type=\"widget\" data-widget_type=\"heading.default\">\n\t\t\t\t\t<h2 class=\"elementor-heading-title elementor-size-default\">Misi\u00f3n<\/h2>\t\t\t\t<\/div>\n\t\t\t\t<div class=\"elementor-element elementor-element-cea3993 elementor-widget elementor-widget-text-editor\" data-id=\"cea3993\" data-element_type=\"widget\" data-e-type=\"widget\" data-widget_type=\"text-editor.default\">\n\t\t\t\t\t\t\t\t\t<p>Brindar soluciones en carpinter\u00eda y dise\u00f1o en madera que superen las expectativas de nuestros clientes, ofreciendo productos personalizados, funcionales y de alta calidad, con un servicio responsable, puntual y enfocado en los detalles.<\/p>\t\t\t\t\t\t\t\t<\/div>\n\t\t\t\t<\/div>\n\t\t<div class=\"elementor-element elementor-element-9db6567 e-con-full e-flex e-con e-child\" data-id=\"9db6567\" data-element_type=\"container\" data-e-type=\"container\">\n\t\t\t\t<div class=\"elementor-element elementor-element-5508d6b elementor-widget elementor-widget-heading\" data-id=\"5508d6b\" data-element_type=\"widget\" data-e-type=\"widget\" data-widget_type=\"heading.default\">\n\t\t\t\t\t<h2 class=\"elementor-heading-title elementor-size-default\">Visi\u00f3n<\/h2>\t\t\t\t<\/div>\n\t\t\t\t<div class=\"elementor-element elementor-element-88bce09 elementor-widget elementor-widget-text-editor\" data-id=\"88bce09\" data-element_type=\"widget\" data-e-type=\"widget\" data-widget_type=\"text-editor.default\">\n\t\t\t\t\t\t\t\t\t<p>Ser una empresa reconocida por la excelencia en carpinter\u00eda y dise\u00f1o de espacios en madera, destac\u00e1ndonos por la innovaci\u00f3n, la calidad de nuestros trabajos y la satisfacci\u00f3n de nuestros clientes, consolid\u00e1ndonos como una de las mejores opciones en el mercado.<\/p>\t\t\t\t\t\t\t\t<\/div>\n\t\t\t\t<\/div>\n\t\t\t\t\t<\/div>\n\t\t\t\t<\/div>\n\t\t\t\t<\/div>\n\t\t","protected":false},"excerpt":{"rendered":"<p>quienes somos Somos una empresa de carpinter\u00eda especializada en el dise\u00f1o, fabricaci\u00f3n e instalaci\u00f3n de muebles en madera a medida. Nos apasiona transformar espacios con soluciones funcionales, modernas y de alta calidad, adaptadas a las necesidades y gustos de cada cliente. Trabajamos con dedicaci\u00f3n en cada detalle, creando cocinas integrales, closets y todo tipo de [&hellip;]<\/p>\n","protected":false},"author":1,"featured_media":0,"parent":0,"menu_order":0,"comment_status":"open","ping_status":"closed","template":"elementor_header_footer","meta":{"footnotes":""},"class_list":["post-51","page","type-page","status-publish","hentry"],"_links":{"self":[{"href":"https:\/\/serviciosydecoracionesfonseca.com\/index.php\/wp-json\/wp\/v2\/pages\/51","targetHints":{"allow":["GET"]}}],"collection":[{"href":"https:\/\/serviciosydecoracionesfonseca.com\/index.php\/wp-json\/wp\/v2\/pages"}],"about":[{"href":"https:\/\/serviciosydecoracionesfonseca.com\/index.php\/wp-json\/wp\/v2\/types\/page"}],"author":[{"embeddable":true,"href":"https:\/\/serviciosydecoracionesfonseca.com\/index.php\/wp-json\/wp\/v2\/users\/1"}],"replies":[{"embeddable":true,"href":"https:\/\/serviciosydecoracionesfonseca.com\/index.php\/wp-json\/wp\/v2\/comments?post=51"}],"version-history":[{"count":4,"href":"https:\/\/serviciosydecoracionesfonseca.com\/index.php\/wp-json\/wp\/v2\/pages\/51\/revisions"}],"predecessor-version":[{"id":56,"href":"https:\/\/serviciosydecoracionesfonseca.com\/index.php\/wp-json\/wp\/v2\/pages\/51\/revisions\/56"}],"wp:attachment":[{"href":"https:\/\/serviciosydecoracionesfonseca.com\/index.php\/wp-json\/wp\/v2\/media?parent=51"}],"curies":[{"name":"wp","href":"https:\/\/api.w.org\/{rel}","templated":true}]}}